{"id":21448,"date":"2025-02-20T17:35:31","date_gmt":"2025-02-20T17:35:31","guid":{"rendered":"https:\/\/fotos.multiplikate.com\/?post_type=product&#038;p=21448"},"modified":"2025-03-25T10:45:36","modified_gmt":"2025-03-25T10:45:36","slug":"llavero-metalico","status":"publish","type":"product","link":"https:\/\/foto-sports.com\/?product=llavero-metalico","title":{"rendered":"Llavero met\u00e1lico"},"content":{"rendered":"<p data-start=\"77\" data-end=\"148\"><strong data-start=\"77\" data-end=\"146\">Llavero Met\u00e1lico Personalizado \u2013 Un Detalle \u00danico Siempre Contigo<\/strong><\/p>\n<p data-start=\"150\" data-end=\"375\">Lleva tus recuerdos, frases inspiradoras o el logo de tu marca a donde vayas con un llavero met\u00e1lico personalizado. Dise\u00f1ado para resistir el uso diario, es el complemento perfecto para tus llaves o como un regalo especial.<\/p>\n<p data-start=\"377\" data-end=\"581\">\u2728 <strong data-start=\"379\" data-end=\"399\">Caracter\u00edsticas:<\/strong><br data-start=\"399\" data-end=\"402\" \/>\u2714\ufe0f Material: Metal de alta calidad y gran durabilidad<br data-start=\"455\" data-end=\"458\" \/>\u2714\ufe0f Impresi\u00f3n a todo color con acabado resistente<br data-start=\"506\" data-end=\"509\" \/>\u2714\ufe0f Dise\u00f1o ligero y pr\u00e1ctico<br data-start=\"536\" data-end=\"539\" \/>\u2714\ufe0f Disponible en varias formas y tama\u00f1os<\/p>\n<p data-start=\"583\" data-end=\"706\">Ideal como detalle especial, recuerdo de eventos o para fortalecer la imagen de tu empresa. \u00a1Personal\u00edzalo y hazlo \u00fanico!<\/p>\n","protected":false},"excerpt":{"rendered":"<p>Llavero Met\u00e1lico Personalizado \u2013 Un Detalle \u00danico Siempre Contigo Lleva tus recuerdos, frases inspiradoras o el logo de tu marca a donde vayas con un llavero met\u00e1lico personalizado. Dise\u00f1ado para resistir el uso diario, es el complemento perfecto para tus llaves o como un regalo especial. \u2728 Caracter\u00edsticas:\u2714\ufe0f Material: Metal de alta calidad y gran [&hellip;]<\/p>\n","protected":false},"featured_media":21449,"comment_status":"open","ping_status":"closed","template":"","meta":{"_et_pb_use_builder":"","_et_pb_old_content":"","_et_gb_content_width":""},"product_brand":[],"product_cat":[23],"product_tag":[],"class_list":{"0":"post-21448","1":"product","2":"type-product","3":"status-publish","4":"has-post-thumbnail","6":"product_cat-regalos-personalizados","8":"first","9":"instock","10":"shipping-taxable","11":"purchasable","12":"product-type-simple"},"_links":{"self":[{"href":"https:\/\/foto-sports.com\/index.php?rest_route=\/wp\/v2\/product\/21448","targetHints":{"allow":["GET"]}}],"collection":[{"href":"https:\/\/foto-sports.com\/index.php?rest_route=\/wp\/v2\/product"}],"about":[{"href":"https:\/\/foto-sports.com\/index.php?rest_route=\/wp\/v2\/types\/product"}],"replies":[{"embeddable":true,"href":"https:\/\/foto-sports.com\/index.php?rest_route=%2Fwp%2Fv2%2Fcomments&post=21448"}],"wp:featuredmedia":[{"embeddable":true,"href":"https:\/\/foto-sports.com\/index.php?rest_route=\/wp\/v2\/media\/21449"}],"wp:attachment":[{"href":"https:\/\/foto-sports.com\/index.php?rest_route=%2Fwp%2Fv2%2Fmedia&parent=21448"}],"wp:term":[{"taxonomy":"product_brand","embeddable":true,"href":"https:\/\/foto-sports.com\/index.php?rest_route=%2Fwp%2Fv2%2Fproduct_brand&post=21448"},{"taxonomy":"product_cat","embeddable":true,"href":"https:\/\/foto-sports.com\/index.php?rest_route=%2Fwp%2Fv2%2Fproduct_cat&post=21448"},{"taxonomy":"product_tag","embeddable":true,"href":"https:\/\/foto-sports.com\/index.php?rest_route=%2Fwp%2Fv2%2Fproduct_tag&post=21448"}],"curies":[{"name":"wp","href":"https:\/\/api.w.org\/{rel}","templated":true}]}}